{"id":612,"date":"2016-03-07T03:11:04","date_gmt":"2016-03-07T03:11:04","guid":{"rendered":"https:\/\/www.gavias-theme.com\/wp\/indutri\/?page_id=612"},"modified":"2024-01-19T20:53:16","modified_gmt":"2024-01-19T17:53:16","slug":"hakkimizda","status":"publish","type":"page","link":"https:\/\/kontinans.com\/index.php\/hakkimizda\/","title":{"rendered":"Hakk\u0131m\u0131zda"},"content":{"rendered":"\t\t<div data-elementor-type=\"wp-post\" data-elementor-id=\"612\" class=\"elementor elementor-612\">\n\t\t\t\t\t\t<section class=\"elementor-section elementor-top-section elementor-element elementor-element-1279549a elementor-section-boxed elementor-section-height-default elementor-section-height-default\" data-id=\"1279549a\" data-element_type=\"section\">\n\t\t\t\t\t\t<div class=\"elementor-container elementor-column-gap-default\">\n\t\t\t\t\t<div class=\"elementor-column elementor-col-100 elementor-top-column elementor-element elementor-element-2d41672 top column-style-top\" data-id=\"2d41672\" data-element_type=\"column\">\n\t\t\t<div class=\"elementor-widget-wrap elementor-element-populated\">\n\t\t\t\t\t\t<div class=\"elementor-element elementor-element-cfd5fde elementor-widget elementor-widget-text-editor\" data-id=\"cfd5fde\" data-element_type=\"widget\" data-widget_type=\"text-editor.default\">\n\t\t\t\t<div class=\"elementor-widget-container\">\n\t\t\t<style>\/*! elementor - v3.19.0 - 07-02-2024 *\/\n.elementor-widget-text-editor.elementor-drop-cap-view-stacked .elementor-drop-cap{background-color:#69727d;color:#fff}.elementor-widget-text-editor.elementor-drop-cap-view-framed .elementor-drop-cap{color:#69727d;border:3px solid;background-color:transparent}.elementor-widget-text-editor:not(.elementor-drop-cap-view-default) .elementor-drop-cap{margin-top:8px}.elementor-widget-text-editor:not(.elementor-drop-cap-view-default) .elementor-drop-cap-letter{width:1em;height:1em}.elementor-widget-text-editor .elementor-drop-cap{float:left;text-align:center;line-height:1;font-size:50px}.elementor-widget-text-editor .elementor-drop-cap-letter{display:inline-block}<\/style>\t\t\t\t<p>\u00a0Kontinans M\u00fchendislik, kaliteli bas\u0131n\u00e7l\u0131 tank imalat\u0131 ger\u00e7ekle\u015ftiriyor. Kontinans M\u00fchendislik, kurulu\u015fundan bu yana bir\u00e7ok yenilik\u00e7i m\u00fchendislik projesi sunuyor. Hava tank\u0131, LPG tank\u0131, PSA oksijen tank\u0131, zeolit sistem tank\u0131 ve akaryak\u0131t depolama tank\u0131 \u00fcretimini ger\u00e7ekle\u015ftiriyor. Son teknolojilerle \u00fcretilen tank imalat\u0131 ile m\u00fchendislik sekt\u00f6r\u00fcne farkl\u0131 bir boyut kazand\u0131r\u0131yoruz. Farkl\u0131 farkl\u0131 sekt\u00f6rlerdeki m\u00fc\u015fterilerimize yenilik\u00e7i teknolojinin sundu\u011fu imkanlarla bas\u0131n\u00e7l\u0131 tank \u00fcretiyoruz. Kontinans M\u00fchendislik hem sosyal de\u011ferlere hem de \u00e7evreye sayg\u0131l\u0131 kurumsal bir \u015firkettir. Geli\u015fime a\u00e7\u0131k ve kendini devaml\u0131 yenileyen bir \u015firket olarak sekt\u00f6rde hizmet veriyor. Bas\u0131n\u00e7l\u0131 tanklar kurumsall\u0131k \u00e7er\u00e7evesinde y\u00fcksek kaliteli \u015fekilde \u00fcretilmektedir. Teknoloji ba\u015fta olmak \u00fczere do\u011fru bilgilerle bas\u0131n\u00e7l\u0131 tank \u00fcretimi ger\u00e7ekle\u015ftiriyoruz.<\/p><p>\u00a0 \u00a0 \u015eirketimiz insan fakt\u00f6r\u00fcn\u00fcn \u00f6neminin \u00e7ok iyi fark\u0131ndad\u0131r. Hizmetlerini buna g\u00f6re veriyor. Kaynak Kalite Y\u00f6netim Sistemi belgesiyle \u00fcretim faaliyetleri ger\u00e7ekle\u015fiyor. Ayn\u0131 zamanda ISO 9001:2000, WO ve AD 2000 HPO sertifikalar\u0131yla da hizmet veriyor. Tam donan\u0131ml\u0131 tesislerde, uzman m\u00fchendislerle bas\u0131n\u00e7l\u0131 tanklar \u00fcretiliyor. Kontinans firmas\u0131, m\u00fc\u015fteri memnuniyetini \u00f6n planda tutuyor. M\u00fc\u015fterilerimize daima tecr\u00fcbe ve engin bilgi birimi kapsam\u0131nda tanklar\u0131 \u00fcretip sunuyoruz. Onayl\u0131 prosed\u00fcr ve reg\u00fclasyon \u00e7er\u00e7evesinde \u00fcretim i\u015flemi bitiyor. \u00dcretim, SSH, Ar-Ge ve sat\u0131\u015f birimleri hem esnek hem de etkin organizasyonuyla m\u00fc\u015fteri gereksinimlerine cevap veriyor. Yenilik\u00e7i, g\u00fcvenilir tasar\u0131m\u0131yla hizmet veriyoruz. Kaliteli \u00fcretimin yan\u0131nda h\u0131zl\u0131 \u00fcretim anlay\u0131\u015f\u0131n\u0131 benimsemi\u015ftir. Bas\u0131n\u00e7l\u0131 tanklar, ekolojik sa\u011fl\u0131\u011fa uyumlu olarak dizayn ediliyor.<\/p>\t\t\t\t\t\t<\/div>\n\t\t\t\t<\/div>\n\t\t\t\t\t<\/div>\n\t\t<\/div>\n\t\t\t\t\t<\/div>\n\t\t<\/section>\n\t\t\t\t<\/div>\n\t\t","protected":false},"excerpt":{"rendered":"<p>\u00a0Kontinans M\u00fchendislik, kaliteli bas\u0131n\u00e7l\u0131 tank imalat\u0131 ger\u00e7ekle\u015ftiriyor. Kontinans M\u00fchendislik, kurulu\u015fundan bu yana bir\u00e7ok yenilik\u00e7i m\u00fchendislik projesi sunuyor. Hava tank\u0131, LPG tank\u0131, PSA oksijen tank\u0131, zeolit sistem tank\u0131 ve akaryak\u0131t depolama tank\u0131 \u00fcretimini ger\u00e7ekle\u015ftiriyor. Son teknolojilerle \u00fcretilen tank imalat\u0131 ile m\u00fchendislik sekt\u00f6r\u00fcne farkl\u0131 bir boyut kazand\u0131r\u0131yoruz. Farkl\u0131 farkl\u0131 sekt\u00f6rlerdeki m\u00fc\u015fterilerimize yenilik\u00e7i teknolojinin sundu\u011fu imkanlarla bas\u0131n\u00e7l\u0131 tank [&hellip;]<\/p>\n","protected":false},"author":1,"featured_media":0,"parent":0,"menu_order":0,"comment_status":"closed","ping_status":"closed","template":"","meta":{"footnotes":""},"class_list":["post-612","page","type-page","status-publish","hentry"],"_links":{"self":[{"href":"https:\/\/kontinans.com\/index.php\/wp-json\/wp\/v2\/pages\/612","targetHints":{"allow":["GET"]}}],"collection":[{"href":"https:\/\/kontinans.com\/index.php\/wp-json\/wp\/v2\/pages"}],"about":[{"href":"https:\/\/kontinans.com\/index.php\/wp-json\/wp\/v2\/types\/page"}],"author":[{"embeddable":true,"href":"https:\/\/kontinans.com\/index.php\/wp-json\/wp\/v2\/users\/1"}],"replies":[{"embeddable":true,"href":"https:\/\/kontinans.com\/index.php\/wp-json\/wp\/v2\/comments?post=612"}],"version-history":[{"count":4,"href":"https:\/\/kontinans.com\/index.php\/wp-json\/wp\/v2\/pages\/612\/revisions"}],"predecessor-version":[{"id":10792,"href":"https:\/\/kontinans.com\/index.php\/wp-json\/wp\/v2\/pages\/612\/revisions\/10792"}],"wp:attachment":[{"href":"https:\/\/kontinans.com\/index.php\/wp-json\/wp\/v2\/media?parent=612"}],"curies":[{"name":"wp","href":"https:\/\/api.w.org\/{rel}","templated":true}]}}