{"id":10806,"date":"2024-01-18T14:31:00","date_gmt":"2024-01-18T11:31:00","guid":{"rendered":"http:\/\/kontinans.com\/?page_id=10806"},"modified":"2024-01-18T14:31:30","modified_gmt":"2024-01-18T11:31:30","slug":"kvkk-ve-gizlilik","status":"publish","type":"page","link":"https:\/\/kontinans.com\/index.php\/kvkk-ve-gizlilik\/","title":{"rendered":"KVKK ve Gizlilik"},"content":{"rendered":"\t\t<div data-elementor-type=\"wp-post\" data-elementor-id=\"10806\" class=\"elementor elementor-10806\">\n\t\t\t\t\t\t<section class=\"elementor-section elementor-top-section elementor-element elementor-element-1279549a elementor-section-boxed elementor-section-height-default elementor-section-height-default\" data-id=\"1279549a\" data-element_type=\"section\">\n\t\t\t\t\t\t<div class=\"elementor-container elementor-column-gap-default\">\n\t\t\t\t\t<div class=\"elementor-column elementor-col-100 elementor-top-column elementor-element elementor-element-2d41672 top column-style-top\" data-id=\"2d41672\" data-element_type=\"column\">\n\t\t\t<div class=\"elementor-widget-wrap elementor-element-populated\">\n\t\t\t\t\t\t<div class=\"elementor-element elementor-element-cfd5fde elementor-widget elementor-widget-text-editor\" data-id=\"cfd5fde\" data-element_type=\"widget\" data-widget_type=\"text-editor.default\">\n\t\t\t\t<div class=\"elementor-widget-container\">\n\t\t\t<style>\/*! elementor - v3.19.0 - 07-02-2024 *\/\n.elementor-widget-text-editor.elementor-drop-cap-view-stacked .elementor-drop-cap{background-color:#69727d;color:#fff}.elementor-widget-text-editor.elementor-drop-cap-view-framed .elementor-drop-cap{color:#69727d;border:3px solid;background-color:transparent}.elementor-widget-text-editor:not(.elementor-drop-cap-view-default) .elementor-drop-cap{margin-top:8px}.elementor-widget-text-editor:not(.elementor-drop-cap-view-default) .elementor-drop-cap-letter{width:1em;height:1em}.elementor-widget-text-editor .elementor-drop-cap{float:left;text-align:center;line-height:1;font-size:50px}.elementor-widget-text-editor .elementor-drop-cap-letter{display:inline-block}<\/style>\t\t\t\t<p>Kontinans M\u00fchendislik Hizmet \u015eartlar\u0131<\/p><p>1. \u015eartlar<\/p><p>Web sitesine eri\u015ferek, bu hizmet \u015fartlar\u0131na, ge\u00e7erli t\u00fcm yasalara ve d\u00fczenlemelere ba\u011fl\u0131 kalmay\u0131 kabul edersiniz ve ge\u00e7erli yerel yasalara uymaktan sorumlu oldu\u011funuzu kabul edersiniz. Bu \u015fartlar\u0131n hi\u00e7birine kat\u0131lm\u0131yorsan\u0131z, bu siteyi kullanman\u0131z veya bu siteye eri\u015fmeniz yasakt\u0131r. Bu web sitesinde bulunan materyaller ge\u00e7erli telif hakk\u0131 ve ticari marka kanunlar\u0131 ile korunmaktad\u0131r.<\/p><p>\u00a0<\/p><p>2. Kullan\u0131m Lisans\u0131<\/p><p>Yaln\u0131zca ki\u015fisel, ticari olmayan ge\u00e7ici g\u00f6r\u00fcnt\u00fcleme i\u00e7in Kontinans M\u00fchendislik web sitesinde bulunan bilgi ve\/veya yaz\u0131l\u0131m\u0131n (i\u015fbu metinde &#8220;materyal&#8221; olarak an\u0131lacakt\u0131r) bir kopyas\u0131n\u0131 ge\u00e7ici olarak indirmek i\u00e7in izin verilir. Bu izin yaln\u0131zca Kontinans M\u00fchendislik taraf\u0131ndan bildirilen \u015fartlarda kullan\u0131m lisans\u0131 verildi\u011fi anlam\u0131na gelip, di\u011fer lisanslar\u0131n devri ve\/veya \u00fcnvan devri somnucunu do\u011furmaz. Bu lisans uyar\u0131nca i\u015fbu madde devam\u0131nda yaz\u0131l\u0131 i\u015flem ve haklar\u0131 kullanamazs\u0131n\u0131z: materyalleri de\u011fi\u015ftirmek veya kopyalamak, materyalleri herhangi bir ticari ama\u00e7 i\u00e7in veya kamuya a\u00e7\u0131k bir te\u015fhir i\u00e7in (ticari veya ticari olmayan) kullanmak. Kontinans M\u00fchendislik internet sitesinde yer alan herhangi bir yaz\u0131l\u0131m\u0131 derhal a\u00e7ma ve\/veya tersine \u00e7evirme giri\u015fiminde bulunmak, materyallerden telif hakk\u0131 ve\/veya di\u011fer tescilli notlar\u0131 \u00e7\u0131karmak veya materyalleri bir ba\u015fkas\u0131na devretmek ve\/veya herhangi bir ba\u015fka sunucudaki materyalleri &#8220;aynalamak&#8221;.<\/p><p>Bu lisans, bu k\u0131s\u0131tlamalardan herhangi birini ihlal etmeniz durumunda otomatik olarak sonland\u0131r\u0131l\u0131r veya Kontinans M\u00fchendislik taraf\u0131ndan gerekli g\u00f6r\u00fclen durumlarda ve herhangi bir zamanda sonland\u0131r\u0131labilir. Bu materyallere dair kullan\u0131m lisans\u0131n\u0131n herhangi bir \u015fekilde sonland\u0131r\u0131lmas\u0131 veya bu lisans\u0131n feshi hallerinde nezdinizde bulunan indirilmi\u015f materyalleri elektronik ve\/veya bas\u0131l\u0131 olarak imha etmeniz gerekmektedir.<\/p><p>3. Feragatname<\/p><p>Kontinans M\u00fchendislik internet sitesinde yer alan materyaller bu web sitesinde belirtilen \u015fekilde oldu\u011fu gibi sa\u011flanmaktad\u0131r. Kontinans M\u00fchendislik, herhangi bir \u015fekilde ima etmi\u015f olsa dahi hi\u00e7bir garanti vermez ve i\u015fbu s\u00f6zle\u015fmeyle \u00f6rt\u00fcl\u00fc garantiler veya sat\u0131labilirlik ko\u015fullar\u0131, belirli bir amaca uygunluk veya fikri m\u00fclkiyet haklar\u0131n\u0131n ihlal edilmemesi veya di\u011fer haklar\u0131n ihlal edilmemesi gibi di\u011fer t\u00fcm garantileri reddeder ve reddeder.<\/p><p>Ayr\u0131ca, Kontinans M\u00fchendislik, web sitesinde yer alan materyallerin kullan\u0131m\u0131n\u0131n do\u011frulu\u011fu, olas\u0131 sonu\u00e7lar\u0131 veya g\u00fcvenilirli\u011fi ile ilgili veya bu materyallerle veya bu siteyle ba\u011flant\u0131l\u0131 herhangi bir siteyle ilgili ba\u015fka hi\u00e7bir \u015fekilde garanti vermez veya beyan etmez.<\/p><p>4. S\u0131n\u0131rlamalar<\/p><p>Kontinans M\u00fchendislik veya tedarik\u00e7ileri; hi\u00e7bir ko\u015fulda Kontinans M\u00fchendislik internet sitesinde bulunan materyallerin kullan\u0131lmas\u0131ndan ve\/veya kullan\u0131lmamas\u0131ndan do\u011facak zararlardan ve\/veya bunlarla s\u0131n\u0131rl\u0131 olmamak \u00fczere herhangi bir veri ve\/veya kar zarar\u0131 ve\/veya i\u015f kesintisinden, Kontinans M\u00fchendislik veya Kontinans M\u00fchendislik yetkili temsilcisine bu t\u00fcr bir hasar olas\u0131l\u0131\u011f\u0131 yaz\u0131l\u0131 veya s\u00f6zl\u00fc olarak bildirmi\u015f olsa dahi, sorumlu tutulamaz.<\/p><p>5. Materyallerin do\u011frulu\u011fu<\/p><p>Kontinans M\u00fchendislik web sitesinde g\u00f6r\u00fcnen materyaller teknik, tipografik veya fotografik hatalar i\u00e7erebilir. Kontinans M\u00fchendislik, web sitesindeki materyallerin hi\u00e7birinin do\u011fru, eksiksiz veya g\u00fcncel oldu\u011funu garanti etmemektedir. Kontinans M\u00fchendislik, web sitesinde bulunan materyallerde herhangi bir zamanda \u00f6nceden bildirimde bulunmaks\u0131z\u0131n diledi\u011fi zaman de\u011fi\u015fiklik yapabilir. Ancak Kontinans M\u00fchendislik materyalleri g\u00fcncelleme taahh\u00fcd\u00fcnde bulunmamaktad\u0131r.<\/p><p>6. Ba\u011flant\u0131lar<\/p><p>Kontinans M\u00fchendislik, web sitesine ba\u011fl\u0131 sitelerin t\u00fcm\u00fcn\u00fc incelememi\u015ftir ve bu sitelerin i\u00e7eri\u011finden sorumlu de\u011fildir. Herhangi bir ba\u011flant\u0131n\u0131n dahil edilmesi, sitenin Kontinans M\u00fchendislik taraf\u0131ndan onayland\u0131\u011f\u0131 anlam\u0131na gelmez. Bu t\u00fcr ba\u011flant\u0131l\u0131 web sitelerinin kullan\u0131m\u0131 m\u00fcnhas\u0131ran kullan\u0131c\u0131n\u0131n sorumlulu\u011fundad\u0131r.<\/p><p>7. De\u011fi\u015fiklikler<\/p><p>Kontinans M\u00fchendislik, bu hizmet \u015fartlar\u0131n\u0131 web sitesi i\u00e7in herhangi bir zamanda \u00f6nceden bildirimde bulunmaks\u0131z\u0131n de\u011fi\u015fiklik yapabilir. Bu web sitesini kullanarak g\u00fcncel hizmet \u015fartlar\u0131na ba\u011fl\u0131 kalmay\u0131 kabul etmi\u015f say\u0131l\u0131rs\u0131n\u0131z.<\/p><p>8. Ge\u00e7erli Yasa<\/p><p>Bu ko\u015fullar ve bu ko\u015fullar sebebi ile do\u011facak uyu\u015fmazl\u0131klarda yarg\u0131 g\u00f6rev ve yetkisi m\u00fcnhas\u0131ran T.C. yasalar\u0131na g\u00f6re belirlenir.<\/p><p>Bu ko\u015fullar tarihinden itibaren ge\u00e7erlidir.<\/p><p>9. \u015eirket Bilgileri<\/p><p>\u015eirket Ad\u0131 : Kontinans M\u00fchendislik<\/p><p>Ankara<\/p><p>\u00a0 \u00a0 \u015eirketimiz insan fakt\u00f6r\u00fcn\u00fcn \u00f6neminin \u00e7ok iyi fark\u0131ndad\u0131r. Hizmetlerini buna g\u00f6re veriyor. Kaynak Kalite Y\u00f6netim Sistemi belgesiyle \u00fcretim faaliyetleri ger\u00e7ekle\u015fiyor. Ayn\u0131 zamanda ISO 9001:2000, WO ve AD 2000 HPO sertifikalar\u0131yla da hizmet veriyor. Tam donan\u0131ml\u0131 tesislerde, uzman m\u00fchendislerle bas\u0131n\u00e7l\u0131 tanklar \u00fcretiliyor. Kontinans firmas\u0131, m\u00fc\u015fteri memnuniyetini \u00f6n planda tutuyor. M\u00fc\u015fterilerimize daima tecr\u00fcbe ve engin bilgi birimi kapsam\u0131nda tanklar\u0131 \u00fcretip sunuyoruz. Onayl\u0131 prosed\u00fcr ve reg\u00fclasyon \u00e7er\u00e7evesinde \u00fcretim i\u015flemi bitiyor. \u00dcretim, SSH, Ar-Ge ve sat\u0131\u015f birimleri hem esnek hem de etkin organizasyonuyla m\u00fc\u015fteri gereksinimlerine cevap veriyor. Yenilik\u00e7i, g\u00fcvenilir tasar\u0131m\u0131yla hizmet veriyoruz. Kaliteli \u00fcretimin yan\u0131nda h\u0131zl\u0131 \u00fcretim anlay\u0131\u015f\u0131n\u0131 benimsemi\u015ftir. Bas\u0131n\u00e7l\u0131 tanklar, ekolojik sa\u011fl\u0131\u011fa uyumlu olarak dizayn ediliyor.<\/p>\t\t\t\t\t\t<\/div>\n\t\t\t\t<\/div>\n\t\t\t\t\t<\/div>\n\t\t<\/div>\n\t\t\t\t\t<\/div>\n\t\t<\/section>\n\t\t\t\t<\/div>\n\t\t","protected":false},"excerpt":{"rendered":"<p>Kontinans M\u00fchendislik Hizmet \u015eartlar\u0131 1. \u015eartlar Web sitesine eri\u015ferek, bu hizmet \u015fartlar\u0131na, ge\u00e7erli t\u00fcm yasalara ve d\u00fczenlemelere ba\u011fl\u0131 kalmay\u0131 kabul edersiniz ve ge\u00e7erli yerel yasalara uymaktan sorumlu oldu\u011funuzu kabul edersiniz. Bu \u015fartlar\u0131n hi\u00e7birine kat\u0131lm\u0131yorsan\u0131z, bu siteyi kullanman\u0131z veya bu siteye eri\u015fmeniz yasakt\u0131r. Bu web sitesinde bulunan materyaller ge\u00e7erli telif hakk\u0131 ve ticari marka kanunlar\u0131 ile [&hellip;]<\/p>\n","protected":false},"author":1,"featured_media":0,"parent":0,"menu_order":0,"comment_status":"closed","ping_status":"closed","template":"","meta":{"footnotes":""},"class_list":["post-10806","page","type-page","status-publish","hentry"],"_links":{"self":[{"href":"https:\/\/kontinans.com\/index.php\/wp-json\/wp\/v2\/pages\/10806","targetHints":{"allow":["GET"]}}],"collection":[{"href":"https:\/\/kontinans.com\/index.php\/wp-json\/wp\/v2\/pages"}],"about":[{"href":"https:\/\/kontinans.com\/index.php\/wp-json\/wp\/v2\/types\/page"}],"author":[{"embeddable":true,"href":"https:\/\/kontinans.com\/index.php\/wp-json\/wp\/v2\/users\/1"}],"replies":[{"embeddable":true,"href":"https:\/\/kontinans.com\/index.php\/wp-json\/wp\/v2\/comments?post=10806"}],"version-history":[{"count":4,"href":"https:\/\/kontinans.com\/index.php\/wp-json\/wp\/v2\/pages\/10806\/revisions"}],"predecessor-version":[{"id":10810,"href":"https:\/\/kontinans.com\/index.php\/wp-json\/wp\/v2\/pages\/10806\/revisions\/10810"}],"wp:attachment":[{"href":"https:\/\/kontinans.com\/index.php\/wp-json\/wp\/v2\/media?parent=10806"}],"curies":[{"name":"wp","href":"https:\/\/api.w.org\/{rel}","templated":true}]}}