{"id":10794,"date":"2024-01-18T14:27:02","date_gmt":"2024-01-18T11:27:02","guid":{"rendered":"http:\/\/kontinans.com\/?page_id=10794"},"modified":"2024-01-18T14:27:48","modified_gmt":"2024-01-18T11:27:48","slug":"misyon-vizyon","status":"publish","type":"page","link":"https:\/\/kontinans.com\/index.php\/misyon-vizyon\/","title":{"rendered":"Misyon Vizyon"},"content":{"rendered":"\t\t<div data-elementor-type=\"wp-post\" data-elementor-id=\"10794\" class=\"elementor elementor-10794\">\n\t\t\t\t\t\t<section class=\"elementor-section elementor-top-section elementor-element elementor-element-1279549a elementor-section-boxed elementor-section-height-default elementor-section-height-default\" data-id=\"1279549a\" data-element_type=\"section\">\n\t\t\t\t\t\t<div class=\"elementor-container elementor-column-gap-default\">\n\t\t\t\t\t<div class=\"elementor-column elementor-col-100 elementor-top-column elementor-element elementor-element-2d41672 top column-style-top\" data-id=\"2d41672\" data-element_type=\"column\">\n\t\t\t<div class=\"elementor-widget-wrap elementor-element-populated\">\n\t\t\t\t\t\t<div class=\"elementor-element elementor-element-cfd5fde elementor-widget elementor-widget-text-editor\" data-id=\"cfd5fde\" data-element_type=\"widget\" data-widget_type=\"text-editor.default\">\n\t\t\t\t<div class=\"elementor-widget-container\">\n\t\t\t<style>\/*! elementor - v3.19.0 - 07-02-2024 *\/\n.elementor-widget-text-editor.elementor-drop-cap-view-stacked .elementor-drop-cap{background-color:#69727d;color:#fff}.elementor-widget-text-editor.elementor-drop-cap-view-framed .elementor-drop-cap{color:#69727d;border:3px solid;background-color:transparent}.elementor-widget-text-editor:not(.elementor-drop-cap-view-default) .elementor-drop-cap{margin-top:8px}.elementor-widget-text-editor:not(.elementor-drop-cap-view-default) .elementor-drop-cap-letter{width:1em;height:1em}.elementor-widget-text-editor .elementor-drop-cap{float:left;text-align:center;line-height:1;font-size:50px}.elementor-widget-text-editor .elementor-drop-cap-letter{display:inline-block}<\/style>\t\t\t\t<p>Kontinans M\u00fchendislik misyon olarak kaliteli \u00fcretimi benimsedik. Bas\u0131n\u00e7l\u0131 tank \u00fcretimi konusunda kaliteli imalat\u0131 kendisine ilke edinen firmam\u0131z g\u00fcvenilirli\u011fi de \u00f6n planda tutuyor. Tank\u0131n hem sat\u0131\u015f\u0131 hem de sonras\u0131ndaki hizmetlerimizi i\u015f ahlak\u0131na uygun \u015fekilde ger\u00e7ekle\u015ftiriyoruz. Her zaman de\u011fer yaratan firma olmay\u0131 benimsedik. M\u00fchendislik firmam\u0131z, m\u00fc\u015fteri memnuniyetini en seviyede \u00e7\u0131karacak \u00fcretimler ger\u00e7ekle\u015ftiriyoruz. Firmam\u0131z teknolojik kapasite ve yetenek noktas\u0131nda kendisini \u00e7ok geli\u015ftirmi\u015ftir. Bas\u0131n\u00e7l\u0131 tanklar\u0131 d\u00fcnya standartlar\u0131na uygun \u015fekilde \u00fcretiyoruz.M\u00fc\u015fteri beklentilerini kar\u015f\u0131layacak \u015fekilde \u00fcretimler ger\u00e7ekle\u015ftiriyoruz. Benimsedi\u011fimiz misyonla hem b\u00f6lge hem de \u00fclke ekonomisine katk\u0131da bulunmaya \u00e7al\u0131\u015f\u0131yoruz. M\u00fc\u015fteri memnuniyeti yan\u0131nda personellerimizin \u00e7al\u0131\u015fma \u015fartlar\u0131n\u0131 da iyile\u015ftirmeyi kendimize ilke edindik. \u00dcretimlerimizi do\u011fa ve \u00e7evreye zarar vermeden ger\u00e7ekle\u015ftiriyoruz. Ticari faaliyetlerimizi y\u00fcr\u00fctt\u00fc\u011f\u00fcm\u00fcz ki\u015fi ve kurumlarla uyumlu ticari ili\u015fkiler y\u00fcr\u00fct\u00fcyoruz. Modern y\u00f6netim sistemlerini eksiksiz \u015fekilde ger\u00e7ekle\u015ftiriyoruz. Faaliyetlerimizi devaml\u0131 iyile\u015ftirerek m\u00fc\u015fteri beklentilerini kar\u015f\u0131l\u0131yoruz. S\u00fcrekli geli\u015fme do\u011frultusunda personellerimize belirli aral\u0131klarla e\u011fitim veriyoruz. \u00c7al\u0131\u015fanlar\u0131m\u0131z\u0131n i\u015f disiplinini benimsemesi konusunda da yard\u0131mc\u0131 oluyoruz. Taahh\u00fct ve y\u00fck\u00fcml\u00fcl\u00fcklerimizi zaman\u0131nda yerine getirmeye \u00f6zellikle dikkat ediyoruz. Sat\u0131\u015f \u00f6ncesindeki g\u00fcler y\u00fczl\u00fc tavr\u0131m\u0131z\u0131 sat\u0131\u015f\u0131n ger\u00e7ekle\u015fmesinden sonra da devam ettiriyoruz. M\u00fc\u015fterilerimizin haklar\u0131na ve zamanlar\u0131na sayg\u0131l\u0131 olmakta benimsedi\u011fimiz misyondur.Fiyat ve kalite aras\u0131nda do\u011fru ba\u011flant\u0131 kurmaya \u00f6zellikle dikkat ediyoruz. M\u00fc\u015fteri beklentilerine en \u00fcst d\u00fczeyde cevap vermeye dikkat ediyoruz. M\u00fc\u015fterilerimizin yan\u0131 s\u0131ra \u00e7al\u0131\u015fanlar\u0131m\u0131z\u0131n beklentilerini de kar\u015f\u0131layacak \u00e7al\u0131\u015fmalarda yaparak \u00e7al\u0131\u015fan memnuniyetini \u00fcst seviyede tutuyoruz.<\/p><p>\u00a0<\/p><p>Kontinans M\u00fchendislik; bas\u0131n\u00e7l\u0131 tank sunan firmalar\u0131n aras\u0131nda b\u00f6lge ve ulusal anlamda lider olmay\u0131 hedefliyor. M\u00fc\u015fterilerimizin kar\u015f\u0131s\u0131na yenilik\u00e7i m\u00fchendislik projeleriyle \u00e7\u0131k\u0131yoruz. Bir\u00e7ok m\u00fchendislik hizmetleri do\u011frultusunda toplumsal geli\u015fmeyi \u00f6ne \u00e7\u0131karan son teknolojileri kullan\u0131yoruz. Firmam\u0131z; farkl\u0131 alanlarda \u00e7al\u0131\u015fmalar yapan m\u00fc\u015fterilerine uygulamal\u0131 olarak m\u00fchendislik hizmeti sunmay\u0131 ama\u00e7 edinmi\u015ftir. M\u00fchendislik \u00fcr\u00fcn ve hizmetlerinde kaliteden \u00f6d\u00fcn vermeden sekt\u00f6rde uzun s\u00fcreli faaliyet g\u00f6stermeyi hedefliyoruz. G\u00fcven ve kaliteye y\u00f6nelik faaliyetlerle t\u00fcketicinin daima s\u00fcrekli tercih etti\u011fi firma olay\u0131 da kendimize ilke edindik. \u00c7evreye duyarl\u0131 \u015fekilde bas\u0131n\u00e7l\u0131 tank \u00fcretiyoruz. Hizmet verdi\u011fimiz sekt\u00f6rde farkl\u0131l\u0131klar yaratarak kal\u0131c\u0131 \u015fekilde \u00fcst\u00fcnl\u00fck sa\u011flamay\u0131 kendimize ilke edindik. Kontinans M\u00fchendislik, Toplam Kalite Y\u00f6netimi felsefesinden yola \u00e7\u0131karak; hedef, de\u011fer ve stratejilerini benimsemi\u015ftir. Kaliteli ve g\u00fcvenli bas\u0131n\u00e7 tank \u00fcretimini m\u00fc\u015fterilerimizin yan\u0131nda payda\u015flar\u0131m\u0131z i\u00e7inde ger\u00e7ekle\u015ftiriyoruz. Faaliyetlerimizi s\u00fcrd\u00fcr\u00fcrken \u00e7al\u0131\u015fanlar\u0131m\u0131z\u0131n g\u00fcvenli\u011fini ve sa\u011fl\u0131\u011f\u0131 i\u00e7inde koruyucu tedbirler al\u0131yoruz. Hem m\u00fc\u015fteri hem \u00e7al\u0131\u015fan memnuniyetini sa\u011flayacak \u015fekilde \u00e7al\u0131\u015fmalar yap\u0131yoruz. M\u00fchendislik biliminin \u0131\u015f\u0131\u011f\u0131nda ufuk \u00e7izgimizi \u00fcst seviyelere \u00e7\u0131kart\u0131p her daim sekt\u00f6rde yenilikler yaratmay\u0131 hedefliyoruz. M\u00fc\u015fteri beklentilerine pratik ve iktisadi \u00e7\u00f6z\u00fcmler geli\u015ftirmeye \u00e7al\u0131\u015f\u0131yoruz. \u0130\u015f sa\u011fl\u0131\u011f\u0131 ve g\u00fcvenli\u011finin \u00f6n planda tutuldu\u011fu kaliteli \u00e7\u00f6z\u00fcmler sunmaya gayret ediyoruz. Optimize edilen \u00fcretim hatt\u0131, kaynak ekipmanlar\u0131 ve yetenekli personellerimizle bas\u0131n\u00e7l\u0131 tanklar\u0131 \u00fcretiyoruz. Bas\u0131n\u00e7l\u0131 tank \u00fcretiminde daima kaliteyi \u00fcst seviye tutarak \u00fcretim a\u011f\u0131m\u0131z\u0131 geli\u015ftirmeyi hedefliyoruz. M\u00fchendislik alan\u0131nda T\u00fcrkiye\u2019nin \u00f6nde gelen firmas\u0131 olmay\u0131 ama\u00e7l\u0131yoruz.<\/p>\t\t\t\t\t\t<\/div>\n\t\t\t\t<\/div>\n\t\t\t\t\t<\/div>\n\t\t<\/div>\n\t\t\t\t\t<\/div>\n\t\t<\/section>\n\t\t\t\t<\/div>\n\t\t","protected":false},"excerpt":{"rendered":"<p>Kontinans M\u00fchendislik misyon olarak kaliteli \u00fcretimi benimsedik. Bas\u0131n\u00e7l\u0131 tank \u00fcretimi konusunda kaliteli imalat\u0131 kendisine ilke edinen firmam\u0131z g\u00fcvenilirli\u011fi de \u00f6n planda tutuyor. Tank\u0131n hem sat\u0131\u015f\u0131 hem de sonras\u0131ndaki hizmetlerimizi i\u015f ahlak\u0131na uygun \u015fekilde ger\u00e7ekle\u015ftiriyoruz. Her zaman de\u011fer yaratan firma olmay\u0131 benimsedik. M\u00fchendislik firmam\u0131z, m\u00fc\u015fteri memnuniyetini en seviyede \u00e7\u0131karacak \u00fcretimler ger\u00e7ekle\u015ftiriyoruz. Firmam\u0131z teknolojik kapasite ve yetenek [&hellip;]<\/p>\n","protected":false},"author":1,"featured_media":0,"parent":0,"menu_order":0,"comment_status":"closed","ping_status":"closed","template":"","meta":{"footnotes":""},"class_list":["post-10794","page","type-page","status-publish","hentry"],"_links":{"self":[{"href":"https:\/\/kontinans.com\/index.php\/wp-json\/wp\/v2\/pages\/10794","targetHints":{"allow":["GET"]}}],"collection":[{"href":"https:\/\/kontinans.com\/index.php\/wp-json\/wp\/v2\/pages"}],"about":[{"href":"https:\/\/kontinans.com\/index.php\/wp-json\/wp\/v2\/types\/page"}],"author":[{"embeddable":true,"href":"https:\/\/kontinans.com\/index.php\/wp-json\/wp\/v2\/users\/1"}],"replies":[{"embeddable":true,"href":"https:\/\/kontinans.com\/index.php\/wp-json\/wp\/v2\/comments?post=10794"}],"version-history":[{"count":4,"href":"https:\/\/kontinans.com\/index.php\/wp-json\/wp\/v2\/pages\/10794\/revisions"}],"predecessor-version":[{"id":10798,"href":"https:\/\/kontinans.com\/index.php\/wp-json\/wp\/v2\/pages\/10794\/revisions\/10798"}],"wp:attachment":[{"href":"https:\/\/kontinans.com\/index.php\/wp-json\/wp\/v2\/media?parent=10794"}],"curies":[{"name":"wp","href":"https:\/\/api.w.org\/{rel}","templated":true}]}}